{"id":7,"date":"2024-12-20T17:04:45","date_gmt":"2024-12-20T17:04:45","guid":{"rendered":"https:\/\/cocinadeautor.velasresorts.com\/?page_id=7"},"modified":"2025-02-11T18:57:11","modified_gmt":"2025-02-11T18:57:11","slug":"home3","status":"publish","type":"page","link":"https:\/\/cocinadeautor.velasresorts.com\/en\/home3\/","title":{"rendered":"Home3"},"content":{"rendered":"<p>[et_pb_section fb_built=&#8221;1&#8243; _builder_version=&#8221;4.27.4&#8243; _module_preset=&#8221;default&#8221; background_image=&#8221;https:\/\/cocinadeautor.velasresorts.com\/wp-content\/uploads\/2024\/12\/IMAGEN_PRINCIPAL.png&#8221; custom_margin=&#8221;-200px||||false|false&#8221; custom_margin_tablet=&#8221;-200px||||false|false&#8221; custom_margin_phone=&#8221;-209px||||false|false&#8221; custom_margin_last_edited=&#8221;on|phone&#8221; custom_padding=&#8221;231px||98px||false|&#8221; background_last_edited=&#8221;on|phone&#8221; background_position_phone=&#8221;bottom_right&#8221; background_horizontal_offset_phone=&#8221;30%&#8221; global_colors_info=&#8221;{}&#8221;][et_pb_row _builder_version=&#8221;4.27.4&#8243; _module_preset=&#8221;default&#8221; width=&#8221;85%&#8221; max_width=&#8221;85%&#8221; custom_padding=&#8221;||0px|||&#8221; global_colors_info=&#8221;{}&#8221;][et_pb_column type=&#8221;4_4&#8243; _builder_version=&#8221;4.27.4&#8243; _module_preset=&#8221;default&#8221; global_colors_info=&#8221;{}&#8221;][et_pb_image src=&#8221;https:\/\/cocinadeautor.velasresorts.com\/wp-content\/uploads\/2024\/12\/Deleitando-Paladares.png&#8221; title_text=&#8221;Deleitando Paladares&#8221; align=&#8221;center&#8221; _builder_version=&#8221;4.27.4&#8243; _module_preset=&#8221;default&#8221; custom_margin=&#8221;||43px|||&#8221; global_colors_info=&#8221;{}&#8221;][\/et_pb_image][et_pb_text _builder_version=&#8221;4.27.4&#8243; _module_preset=&#8221;default&#8221; text_font=&#8221;Miller Regular||||||||&#8221; text_text_color=&#8221;#FFFFFF&#8221; text_font_size=&#8221;24px&#8221; hover_enabled=&#8221;0&#8243; sticky_enabled=&#8221;0&#8243;]<\/p>\n<p style=\"text-align: center;\"><span style=\"color: #ffffff;\"><a href=\"https:\/\/cocinadeautor.velasresorts.com\/en\/los-cabos-2\/\" style=\"color: #ffffff;\">Los Cabos<\/a> \u00a0| <a href=\"https:\/\/cocinadeautor.velasresorts.com\/en\/riviera-maya-2\/\" style=\"color: #ffffff;\">Mayan Riviera<\/a><\/span><\/p>\n<p>[\/et_pb_text][et_pb_image src=&#8221;https:\/\/cocinadeautor.velasresorts.com\/wp-content\/uploads\/2024\/12\/logo_micheliN.png&#8221; title_text=&#8221;logo_micheliN&#8221; align=&#8221;center&#8221; _builder_version=&#8221;4.27.4&#8243; _module_preset=&#8221;default&#8221; width=&#8221;20%&#8221; custom_margin=&#8221;||47px|||&#8221; global_colors_info=&#8221;{}&#8221;][\/et_pb_image][et_pb_image src=&#8221;https:\/\/cocinadeautor.velasresorts.com\/wp-content\/uploads\/2024\/12\/textura.png&#8221; title_text=&#8221;textura&#8221; _builder_version=&#8221;4.27.4&#8243; _module_preset=&#8221;default&#8221; transform_translate=&#8221;370px|296px&#8221; transform_translate_linked=&#8221;off&#8221; width=&#8221;45%&#8221; module_alignment=&#8221;right&#8221; custom_margin=&#8221;|||756px||&#8221; global_colors_info=&#8221;{}&#8221;][\/et_pb_image][et_pb_button button_text=&#8221;Reservar&#8221; button_alignment=&#8221;center&#8221; _builder_version=&#8221;4.27.4&#8243; _module_preset=&#8221;default&#8221; custom_button=&#8221;on&#8221; button_text_size=&#8221;26px&#8221; button_text_color=&#8221;#FFFFFF&#8221; button_bg_color=&#8221;gcid-74603da6-0779-4fb6-953f-7fab59d51c57&#8243; button_border_width=&#8221;0px&#8221; button_border_radius=&#8221;100px&#8221; button_font=&#8221;Miller Regular||on||||||&#8221; button_icon=&#8221;&#xf25a;||fa||900&#8243; button_icon_color=&#8221;#FFFFFF&#8221; button_icon_placement=&#8221;left&#8221; button_on_hover=&#8221;off&#8221; transform_translate_linked=&#8221;off&#8221; hover_enabled=&#8221;0&#8243; global_colors_info=&#8221;{%22gcid-74603da6-0779-4fb6-953f-7fab59d51c57%22:%91%22button_bg_color%22%93}&#8221; sticky_enabled=&#8221;0&#8243;][\/et_pb_button][\/et_pb_column][\/et_pb_row][\/et_pb_section][et_pb_section fb_built=&#8221;1&#8243; _builder_version=&#8221;4.27.4&#8243; _module_preset=&#8221;default&#8221; global_colors_info=&#8221;{}&#8221;][et_pb_row _builder_version=&#8221;4.27.4&#8243; _module_preset=&#8221;default&#8221; global_colors_info=&#8221;{}&#8221;][et_pb_column type=&#8221;4_4&#8243; _builder_version=&#8221;4.27.4&#8243; _module_preset=&#8221;default&#8221; global_colors_info=&#8221;{}&#8221;][et_pb_text _builder_version=&#8221;4.27.4&#8243; _module_preset=&#8221;default&#8221; text_font=&#8221;Miller Regular||||||||&#8221; text_text_color=&#8221;gcid-74603da6-0779-4fb6-953f-7fab59d51c57&#8243; text_font_size=&#8221;27px&#8221; text_line_height=&#8221;1.6em&#8221; text_orientation=&#8221;center&#8221; global_colors_info=&#8221;{%22gcid-74603da6-0779-4fb6-953f-7fab59d51c57%22:%91%22text_text_color%22%93}&#8221;]M\u00e1s que un restaurante, Cocina de Autor es un concepto que evoca emociones, sensaciones y recuerdos a trav\u00e9s de la gastronom\u00eda. Cuenta con la elegancia de un restaurante de talla mundial y la distinci\u00f3n de la estrella Michelin. ademas del liderazgo del chef Sidney Schutte, queen posee 2 Estrellas Micheln y aporta su toque \u00fanico a la reinterpretaci\u00f3n de la cocina contempor\u00e1nea.[\/et_pb_text][\/et_pb_column][\/et_pb_row][\/et_pb_section][et_pb_section fb_built=&#8221;1&#8243; _builder_version=&#8221;4.27.4&#8243; _module_preset=&#8221;default&#8221; custom_padding=&#8221;0px||0px|||&#8221; global_colors_info=&#8221;{}&#8221;][et_pb_row column_structure=&#8221;1_2,1_2&#8243; _builder_version=&#8221;4.27.4&#8243; _module_preset=&#8221;default&#8221; width=&#8221;100%&#8221; max_width=&#8221;100%&#8221; custom_padding=&#8221;0px||0px|||&#8221; global_colors_info=&#8221;{}&#8221;][et_pb_column type=&#8221;1_2&#8243; _builder_version=&#8221;4.27.4&#8243; _module_preset=&#8221;default&#8221; global_colors_info=&#8221;{}&#8221;][et_pb_image src=&#8221;https:\/\/cocinadeautor.velasresorts.com\/wp-content\/uploads\/2024\/12\/IMAGEN-1.png&#8221; title_text=&#8221;IMAGEN 1&#8243; _builder_version=&#8221;4.27.4&#8243; _module_preset=&#8221;default&#8221; global_colors_info=&#8221;{}&#8221;][\/et_pb_image][\/et_pb_column][et_pb_column type=&#8221;1_2&#8243; _builder_version=&#8221;4.27.4&#8243; _module_preset=&#8221;default&#8221; global_colors_info=&#8221;{}&#8221;][et_pb_divider color=&#8221;gcid-74603da6-0779-4fb6-953f-7fab59d51c57&#8243; divider_weight=&#8221;1.5px&#8221; _builder_version=&#8221;4.27.4&#8243; _module_preset=&#8221;default&#8221; width=&#8221;90%&#8221; custom_margin=&#8221;||30px|||&#8221; global_colors_info=&#8221;{%22gcid-74603da6-0779-4fb6-953f-7fab59d51c57%22:%91%22color%22%93}&#8221;][\/et_pb_divider][et_pb_text _builder_version=&#8221;4.27.4&#8243; _module_preset=&#8221;default&#8221; text_font=&#8221;Miller Regular||||||||&#8221; text_text_color=&#8221;gcid-74603da6-0779-4fb6-953f-7fab59d51c57&#8243; text_font_size=&#8221;27px&#8221; text_line_height=&#8221;1.6em&#8221; custom_margin_tablet=&#8221;&#8221; custom_margin_phone=&#8221;&#8221; custom_margin_last_edited=&#8221;on|phone&#8221; custom_padding=&#8221;|30px||30px|false|true&#8221; text_font_size_tablet=&#8221;27px&#8221; text_font_size_phone=&#8221;22px&#8221; text_font_size_last_edited=&#8221;on|phone&#8221; global_colors_info=&#8221;{%22gcid-74603da6-0779-4fb6-953f-7fab59d51c57%22:%91%22text_text_color%22%93}&#8221;]<\/p>\n<p>Comienza tu experiencia con la cocteler\u00eda de nuestros mix\u00f3logos en el Bar Autor antes de adentrarte en la Cocina de Autor, donde disfrutar\u00e1s de un men\u00fa de ocho o diez tiempos maridado magistralmente. \u00a1Una experiencia sibarita con la distinci\u00f3n de la estrella Michel\u00edn y el toque del chef Sidney Schutte!<\/p>\n<p>[\/et_pb_text][et_pb_text _builder_version=&#8221;4.27.4&#8243; _module_preset=&#8221;default&#8221; text_font=&#8221;Miller Regular||on||||||&#8221; text_text_color=&#8221;gcid-74603da6-0779-4fb6-953f-7fab59d51c57&#8243; text_font_size=&#8221;18px&#8221; text_line_height=&#8221;1.1em&#8221; custom_margin=&#8221;||72px|||&#8221; custom_margin_tablet=&#8221;||72px|||&#8221; custom_margin_phone=&#8221;||72px|||&#8221; custom_margin_last_edited=&#8221;on|phone&#8221; custom_padding=&#8221;|||73px|false|false&#8221; custom_padding_tablet=&#8221;|||73px|false|false&#8221; custom_padding_phone=&#8221;|26px||26px|false|true&#8221; custom_padding_last_edited=&#8221;on|phone&#8221; global_colors_info=&#8221;{%22gcid-74603da6-0779-4fb6-953f-7fab59d51c57%22:%91%22text_text_color%22%93}&#8221;]<\/p>\n<p>COCINA CREATIVA<\/p>\n<p>EDAD &amp; VESTIMENTA<br \/>Adultos y j\u00f3venes mayores de 18 a\u00f1os<br \/>(Maridaje con vinos solo para mayores de 18)<\/p>\n<p>[\/et_pb_text][\/et_pb_column][\/et_pb_row][\/et_pb_section][et_pb_section fb_built=&#8221;1&#8243; _builder_version=&#8221;4.27.4&#8243; _module_preset=&#8221;default&#8221; custom_padding=&#8221;114px||0px|||&#8221; global_colors_info=&#8221;{}&#8221;][et_pb_row column_structure=&#8221;1_3,1_3,1_3&#8243; use_custom_gutter=&#8221;on&#8221; gutter_width=&#8221;1&#8243; _builder_version=&#8221;4.27.4&#8243; _module_preset=&#8221;default&#8221; width=&#8221;100%&#8221; max_width=&#8221;100%&#8221; custom_padding=&#8221;0px||0px|||&#8221; global_colors_info=&#8221;{}&#8221;][et_pb_column type=&#8221;1_3&#8243; _builder_version=&#8221;4.27.4&#8243; _module_preset=&#8221;default&#8221; global_colors_info=&#8221;{}&#8221;][et_pb_image src=&#8221;https:\/\/cocinadeautor.velasresorts.com\/wp-content\/uploads\/2024\/12\/IMAGEN-2.png&#8221; title_text=&#8221;IMAGEN 2&#8243; _builder_version=&#8221;4.27.4&#8243; _module_preset=&#8221;default&#8221; global_colors_info=&#8221;{}&#8221;][\/et_pb_image][\/et_pb_column][et_pb_column type=&#8221;1_3&#8243; _builder_version=&#8221;4.27.4&#8243; _module_preset=&#8221;default&#8221; global_colors_info=&#8221;{}&#8221;][et_pb_image src=&#8221;https:\/\/cocinadeautor.velasresorts.com\/wp-content\/uploads\/2024\/12\/IMAGEN-3.png&#8221; title_text=&#8221;IMAGEN 3&#8243; _builder_version=&#8221;4.27.4&#8243; _module_preset=&#8221;default&#8221; global_colors_info=&#8221;{}&#8221;][\/et_pb_image][\/et_pb_column][et_pb_column type=&#8221;1_3&#8243; _builder_version=&#8221;4.27.4&#8243; _module_preset=&#8221;default&#8221; global_colors_info=&#8221;{}&#8221;][et_pb_image src=&#8221;https:\/\/cocinadeautor.velasresorts.com\/wp-content\/uploads\/2024\/12\/IMAGEN-4.png&#8221; title_text=&#8221;IMAGEN 4&#8243; _builder_version=&#8221;4.27.4&#8243; _module_preset=&#8221;default&#8221; global_colors_info=&#8221;{}&#8221;][\/et_pb_image][\/et_pb_column][\/et_pb_row][\/et_pb_section][et_pb_section fb_built=&#8221;1&#8243; _builder_version=&#8221;4.27.4&#8243; _module_preset=&#8221;default&#8221; background_image=&#8221;https:\/\/cocinadeautor.velasresorts.com\/wp-content\/uploads\/2024\/12\/CHEF-1.png&#8221; custom_padding=&#8221;||92px|||&#8221; background_last_edited=&#8221;on|desktop&#8221; parallax_phone=&#8221;off&#8221; background_size_phone=&#8221;cover&#8221; background_position_phone=&#8221;center_left&#8221; background_horizontal_offset_phone=&#8221;25%&#8221; global_colors_info=&#8221;{}&#8221;][et_pb_row column_structure=&#8221;1_2,1_2&#8243; _builder_version=&#8221;4.27.4&#8243; _module_preset=&#8221;default&#8221; max_width=&#8221;80%&#8221; custom_margin=&#8221;50px|auto||auto||&#8221; global_colors_info=&#8221;{}&#8221;][et_pb_column type=&#8221;1_2&#8243; _builder_version=&#8221;4.27.4&#8243; _module_preset=&#8221;default&#8221; global_colors_info=&#8221;{}&#8221;][\/et_pb_column][et_pb_column type=&#8221;1_2&#8243; _builder_version=&#8221;4.27.4&#8243; _module_preset=&#8221;default&#8221; global_colors_info=&#8221;{}&#8221;][et_pb_text _builder_version=&#8221;4.27.4&#8243; _module_preset=&#8221;default&#8221; text_font=&#8221;Miller Regular||on||||||&#8221; text_text_color=&#8221;gcid-74603da6-0779-4fb6-953f-7fab59d51c57&#8243; text_font_size=&#8221;40px&#8221; global_colors_info=&#8221;{%22gcid-74603da6-0779-4fb6-953f-7fab59d51c57%22:%91%22text_text_color%22%93}&#8221;]<\/p>\n<p>Chef<\/p>\n<p>[\/et_pb_text][et_pb_text _builder_version=&#8221;4.27.4&#8243; _module_preset=&#8221;default&#8221; text_font=&#8221;Adevia||||||||&#8221; text_text_color=&#8221;#FFFFFF&#8221; text_font_size=&#8221;66px&#8221; text_line_height=&#8221;1em&#8221; custom_margin=&#8221;||49px|||&#8221; text_font_size_tablet=&#8221;66px&#8221; text_font_size_phone=&#8221;59px&#8221; text_font_size_last_edited=&#8221;on|phone&#8221; global_colors_info=&#8221;{}&#8221;]<\/p>\n<p>Francisco Sixtos<\/p>\n<p>[\/et_pb_text][et_pb_text _builder_version=&#8221;4.27.4&#8243; _module_preset=&#8221;default&#8221; text_font=&#8221;Miller Regular||||||||&#8221; text_text_color=&#8221;#FFFFFF&#8221; text_font_size=&#8221;27px&#8221; text_line_height=&#8221;1.5em&#8221; custom_padding=&#8221;|1px||0px|false|false&#8221; text_font_size_tablet=&#8221;27px&#8221; text_font_size_phone=&#8221;22px&#8221; text_font_size_last_edited=&#8221;on|phone&#8221; text_line_height_tablet=&#8221;1.5em&#8221; text_line_height_phone=&#8221;1.5em&#8221; text_line_height_last_edited=&#8221;on|desktop&#8221; global_colors_info=&#8221;{}&#8221;]<\/p>\n<p>Francisco Sixtos, a native of Jalisco, immersed himself in the culinary world from his early days at renowned chef Cristian Morales's signature restaurant.<\/p>\n<p>A lo largo de su trayectoria, sus viajes por Europa y colaboraciones en restaurantes galardonados con Estrellas Michelin le otorgaron un vasto conocimiento gastron\u00f3mico\u2026<\/p>\n<p>[\/et_pb_text][et_pb_text _builder_version=&#8221;4.27.4&#8243; _module_preset=&#8221;default&#8221; text_font=&#8221;Miller Regular||on||||||&#8221; text_text_color=&#8221;#FFFFFF&#8221; text_font_size=&#8221;19px&#8221; global_colors_info=&#8221;{}&#8221;]<\/p>\n<p><span style=\"color: #ffffff;\"><a href=\"#\" style=\"color: #ffffff;\">Leer m\u00e1s\u00a0<\/a><\/span><\/p>\n<p>[\/et_pb_text][\/et_pb_column][\/et_pb_row][\/et_pb_section][et_pb_section fb_built=&#8221;1&#8243; _builder_version=&#8221;4.27.4&#8243; _module_preset=&#8221;default&#8221; global_colors_info=&#8221;{}&#8221;][et_pb_row column_structure=&#8221;1_2,1_2&#8243; use_custom_gutter=&#8221;on&#8221; gutter_width=&#8221;1&#8243; _builder_version=&#8221;4.27.4&#8243; _module_preset=&#8221;default&#8221; width=&#8221;85%&#8221; max_width=&#8221;85%&#8221; custom_padding=&#8221;1px||0px|||&#8221; global_colors_info=&#8221;{}&#8221;][et_pb_column type=&#8221;1_2&#8243; _builder_version=&#8221;4.27.4&#8243; _module_preset=&#8221;default&#8221; global_colors_info=&#8221;{}&#8221;][et_pb_image src=&#8221;https:\/\/cocinadeautor.velasresorts.com\/wp-content\/uploads\/2024\/12\/Riviera-Maya-.png&#8221; title_text=&#8221;Riviera Maya&#8221; _builder_version=&#8221;4.27.4&#8243; _module_preset=&#8221;default&#8221; transform_scale_tablet=&#8221;&#8221; transform_scale_phone=&#8221;&#8221; transform_scale_last_edited=&#8221;on|phone&#8221; transform_translate=&#8221;46px|-7px&#8221; transform_translate_tablet=&#8221;46px|-7px&#8221; transform_translate_phone=&#8221;34px|-7px&#8221; transform_translate_last_edited=&#8221;on|phone&#8221; transform_rotate_tablet=&#8221;&#8221; transform_rotate_phone=&#8221;&#8221; transform_rotate_last_edited=&#8221;on|phone&#8221; transform_skew_tablet=&#8221;&#8221; transform_skew_phone=&#8221;&#8221; transform_skew_last_edited=&#8221;on|phone&#8221; transform_origin_tablet=&#8221;&#8221; transform_origin_phone=&#8221;&#8221; transform_origin_last_edited=&#8221;on|phone&#8221; transform_styles_last_edited=&#8221;on|phone&#8221; z_index=&#8221;421&#8243; hover_enabled=&#8221;0&#8243; transform_styles_tablet=&#8221;&#8221; transform_styles_phone=&#8221;&#8221; global_colors_info=&#8221;{}&#8221; url=&#8221;https:\/\/cocinadeautor.velasresorts.com\/riviera-maya-2\/&#8221; sticky_enabled=&#8221;0&#8243;][\/et_pb_image][\/et_pb_column][et_pb_column type=&#8221;1_2&#8243; _builder_version=&#8221;4.27.4&#8243; _module_preset=&#8221;default&#8221; global_colors_info=&#8221;{}&#8221;][et_pb_image src=&#8221;https:\/\/cocinadeautor.velasresorts.com\/wp-content\/uploads\/2024\/12\/Los-Cabos-.png&#8221; title_text=&#8221;Los Cabos&#8221; _builder_version=&#8221;4.27.4&#8243; _module_preset=&#8221;default&#8221; transform_scale_tablet=&#8221;&#8221; transform_scale_phone=&#8221;&#8221; transform_scale_last_edited=&#8221;on|phone&#8221; transform_translate=&#8221;-63px|108px&#8221; transform_translate_tablet=&#8221;-63px|108px&#8221; transform_translate_phone=&#8221;6px|-22px&#8221; transform_translate_last_edited=&#8221;on|phone&#8221; transform_rotate_tablet=&#8221;&#8221; transform_rotate_phone=&#8221;&#8221; transform_rotate_last_edited=&#8221;on|phone&#8221; transform_skew_tablet=&#8221;&#8221; transform_skew_phone=&#8221;&#8221; transform_skew_last_edited=&#8221;on|phone&#8221; transform_origin_tablet=&#8221;&#8221; transform_origin_phone=&#8221;&#8221; transform_origin_last_edited=&#8221;on|phone&#8221; transform_styles_last_edited=&#8221;on|phone&#8221; hover_enabled=&#8221;0&#8243; transform_styles_tablet=&#8221;&#8221; transform_styles_phone=&#8221;&#8221; global_colors_info=&#8221;{}&#8221; url=&#8221;https:\/\/cocinadeautor.velasresorts.com\/los-cabos-2\/&#8221; sticky_enabled=&#8221;0&#8243;][\/et_pb_image][\/et_pb_column][\/et_pb_row][\/et_pb_section][et_pb_section fb_built=&#8221;1&#8243; _builder_version=&#8221;4.27.4&#8243; _module_preset=&#8221;default&#8221; custom_padding=&#8221;140px|||||&#8221; global_colors_info=&#8221;{}&#8221;][et_pb_row _builder_version=&#8221;4.27.4&#8243; _module_preset=&#8221;default&#8221; global_colors_info=&#8221;{}&#8221;][et_pb_column type=&#8221;4_4&#8243; _builder_version=&#8221;4.27.4&#8243; _module_preset=&#8221;default&#8221; global_colors_info=&#8221;{}&#8221;][et_pb_text _builder_version=&#8221;4.27.4&#8243; _module_preset=&#8221;default&#8221; text_font=&#8221;Adevia||||||||&#8221; text_text_color=&#8221;gcid-74603da6-0779-4fb6-953f-7fab59d51c57&#8243; text_font_size=&#8221;66px&#8221; text_line_height=&#8221;1em&#8221; text_orientation=&#8221;center&#8221; custom_margin=&#8221;||79px|||&#8221; custom_margin_tablet=&#8221;||79px|||&#8221; custom_margin_phone=&#8221;||79px|||&#8221; custom_margin_last_edited=&#8221;on|phone&#8221; custom_padding=&#8221;||||false|false&#8221; custom_padding_tablet=&#8221;||||false|false&#8221; custom_padding_phone=&#8221;||||false|false&#8221; custom_padding_last_edited=&#8221;on|phone&#8221; text_font_size_tablet=&#8221;66px&#8221; text_font_size_phone=&#8221;66px&#8221; text_font_size_last_edited=&#8221;on|phone&#8221; global_colors_info=&#8221;{%22gcid-74603da6-0779-4fb6-953f-7fab59d51c57%22:%91%22text_text_color%22%93}&#8221;]<\/p>\n<p>Cocina de autor<\/p>\n<p>[\/et_pb_text][et_pb_text _builder_version=&#8221;4.27.4&#8243; _module_preset=&#8221;default&#8221; text_font=&#8221;Miller Regular||||||||&#8221; text_text_color=&#8221;#bababa&#8221; text_font_size=&#8221;27px&#8221; text_line_height=&#8221;1.4em&#8221; text_orientation=&#8221;center&#8221; custom_margin=&#8221;||72px|||&#8221; custom_padding=&#8221;|141px||73px|false|false&#8221; custom_padding_tablet=&#8221;|141px||73px|false|false&#8221; custom_padding_phone=&#8221;|10px||10px|false|true&#8221; custom_padding_last_edited=&#8221;on|phone&#8221; global_colors_info=&#8221;{}&#8221;]<\/p>\n<p>Cada platillo es una evocaci\u00f3n al gusto por la buena comida. Da un vistazo a nuestros men\u00fas y a las creaciones de nuestros chefs.<\/p>\n<p>[\/et_pb_text][et_pb_text _builder_version=&#8221;4.27.4&#8243; _module_preset=&#8221;default&#8221; text_font=&#8221;Miller Italica 2||||||||&#8221; text_text_color=&#8221;gcid-74603da6-0779-4fb6-953f-7fab59d51c57&#8243; text_font_size=&#8221;29px&#8221; text_orientation=&#8221;center&#8221; custom_padding=&#8221;|||62px|false|false&#8221; custom_padding_tablet=&#8221;|||62px|false|false&#8221; custom_padding_phone=&#8221;|||0px|false|false&#8221; custom_padding_last_edited=&#8221;on|phone&#8221; global_colors_info=&#8221;{%22gcid-74603da6-0779-4fb6-953f-7fab59d51c57%22:%91%22text_text_color%22%93}&#8221;]<\/p>\n<p>Haga una reservaci\u00f3n<\/p>\n<p>[\/et_pb_text][\/et_pb_column][\/et_pb_row][\/et_pb_section]<\/p>","protected":false},"excerpt":{"rendered":"<p>Los Cabos \u00a0| Riviera MayaM\u00e1s que un restaurante, Cocina de Autor es un concepto que evoca emociones, sensaciones y recuerdos a trav\u00e9s de la gastronom\u00eda. Cuenta con la elegancia de un restaurante de talla mundial y la distinci\u00f3n de la estrella Michelin. ademas del liderazgo del chef Sidney Schutte, queen posee 2 Estrellas Micheln y [&hellip;]<\/p>","protected":false},"author":3,"featured_media":0,"parent":0,"menu_order":0,"comment_status":"closed","ping_status":"closed","template":"","meta":{"_et_pb_use_builder":"on","_et_pb_old_content":"","_et_gb_content_width":"","footnotes":""},"class_list":["post-7","page","type-page","status-publish","hentry"],"_links":{"self":[{"href":"https:\/\/cocinadeautor.velasresorts.com\/en\/wp-json\/wp\/v2\/pages\/7","targetHints":{"allow":["GET"]}}],"collection":[{"href":"https:\/\/cocinadeautor.velasresorts.com\/en\/wp-json\/wp\/v2\/pages"}],"about":[{"href":"https:\/\/cocinadeautor.velasresorts.com\/en\/wp-json\/wp\/v2\/types\/page"}],"author":[{"embeddable":true,"href":"https:\/\/cocinadeautor.velasresorts.com\/en\/wp-json\/wp\/v2\/users\/3"}],"replies":[{"embeddable":true,"href":"https:\/\/cocinadeautor.velasresorts.com\/en\/wp-json\/wp\/v2\/comments?post=7"}],"version-history":[{"count":44,"href":"https:\/\/cocinadeautor.velasresorts.com\/en\/wp-json\/wp\/v2\/pages\/7\/revisions"}],"predecessor-version":[{"id":218,"href":"https:\/\/cocinadeautor.velasresorts.com\/en\/wp-json\/wp\/v2\/pages\/7\/revisions\/218"}],"wp:attachment":[{"href":"https:\/\/cocinadeautor.velasresorts.com\/en\/wp-json\/wp\/v2\/media?parent=7"}],"curies":[{"name":"wp","href":"https:\/\/api.w.org\/{rel}","templated":true}]}}